{"id":336,"date":"2021-02-19T09:12:39","date_gmt":"2021-02-19T12:12:39","guid":{"rendered":"https:\/\/atacamahorse.com\/?page_id=336"},"modified":"2025-04-29T13:12:01","modified_gmt":"2025-04-29T17:12:01","slug":"work-with-us","status":"publish","type":"page","link":"https:\/\/atacamahorse.com\/de\/work-with-us\/","title":{"rendered":"F\u00fcr uns arbeiten"},"content":{"rendered":"<div  class=\"vc_row wpb_row vc_row-fluid vc_custom_1448527800079\"><div class=\"vc_container\"><div class=\"wpb_column vc_column_container vc_col-sm-12\"><div class=\"vc_column-inner\"><div class=\"wpb_wrapper\">\n\t<div class=\"wpb_text_column wpb_content_element\" >\n\t\t<div class=\"wpb_wrapper\">\n\t\t\t<h3 style=\"text-align: center;\">Treffen Sie unsere<\/h3>\n\n\t\t<\/div>\n\t<\/div>\n\n\t<div class=\"wpb_text_column wpb_content_element\" >\n\t\t<div class=\"wpb_wrapper\">\n\t\t\t<h2 style=\"text-align: center;\">GRUPPENF\u00dcHRER<\/h2>\n\n\t\t<\/div>\n\t<\/div>\n<\/div><\/div><\/div><\/div><\/div><div  class=\"vc_row wpb_row vc_row-fluid\"><div class=\"vc_container\"><div class=\"wpb_column vc_column_container vc_col-sm-4\"><div class=\"vc_column-inner vc_custom_1409414375519\"><div class=\"wpb_wrapper\">\n\t<div class=\"wpb_single_image wpb_content_element vc_align_center\">\n\t\t<div class=\"wpb_wrapper\">\n\t\t\t\n\t\t\t<div class=\"vc_single_image-wrapper   vc_box_border_grey\"><img loading=\"lazy\" decoding=\"async\" class=\"vc_single_image-img\" src=\"https:\/\/atacamahorse.com\/wp-content\/uploads\/2021\/02\/t-2.png\" width=\"300\" height=\"300\" alt=\"t-2\" title=\"t-2\" \/><\/div>\n\t\t<\/div>\n\t<\/div>\n\n\t<div class=\"wpb_text_column wpb_content_element\" >\n\t\t<div class=\"wpb_wrapper\">\n\t\t\t<h3 style=\"text-align: center;\">Juan Mostajo<\/h3>\n<h5 style=\"text-align: center;\">Inhaber<\/h5>\n\n\t\t<\/div>\n\t<\/div>\n\n\t<div class=\"wpb_text_column wpb_content_element  vc_custom_1613738728004\" >\n\t\t<div class=\"wpb_wrapper\">\n\t\t\t<p style=\"text-align: center;\">Juan, geb\u00fcrtig aus der Atacama-W\u00fcste, z\u00fcchtet seine eigenen Pferde und hat im Laufe der Jahre seine eigenen pers\u00f6nlichen Routen entwickelt. Er hat ein sehr tiefes Wissen und eine liebevolle Beziehung zur W\u00fcste, er kennt all ihre Geschichten. Juan ist so mystisch und voller \u00dcberraschungen und Geheimnisse wie die W\u00fcste selbst.<\/p>\n\n\t\t<\/div>\n\t<\/div>\n<\/div><\/div><\/div><div class=\"wpb_column vc_column_container vc_col-sm-4\"><div class=\"vc_column-inner vc_custom_1409414381486\"><div class=\"wpb_wrapper\">\n\t<div class=\"wpb_single_image wpb_content_element vc_align_center\">\n\t\t<div class=\"wpb_wrapper\">\n\t\t\t\n\t\t\t<div class=\"vc_single_image-wrapper   vc_box_border_grey\"><img loading=\"lazy\" decoding=\"async\" class=\"vc_single_image-img\" src=\"https:\/\/atacamahorse.com\/wp-content\/uploads\/2021\/02\/t-3.png\" width=\"300\" height=\"300\" alt=\"t-3\" title=\"t-3\" \/><\/div>\n\t\t<\/div>\n\t<\/div>\n\n\t<div class=\"wpb_text_column wpb_content_element\" >\n\t\t<div class=\"wpb_wrapper\">\n\t\t\t<h3 style=\"text-align: center;\">F\u00fcr uns arbeiten<\/h3>\n<h5 style=\"text-align: center;\">AHA<\/h5>\n\n\t\t<\/div>\n\t<\/div>\n\n\t<div class=\"wpb_text_column wpb_content_element  vc_custom_1613742855209\" >\n\t\t<div class=\"wpb_wrapper\">\n\t\t\t<p style=\"text-align: center;\">Wir bieten Ihnen die M\u00f6glichkeit, auf unserer Ranch den Umgang mit Pferden zu erlernen. Die trockenste W\u00fcste der Welt hat viele Besonderheiten und \u00dcberraschungen, die es wert sind, erlebt zu werden.<\/p>\n\n\t\t<\/div>\n\t<\/div>\n<\/div><\/div><\/div><\/div><\/div><div  class=\"vc_row wpb_row vc_row-fluid\"><div class=\"full_width\"><div class=\"wpb_column vc_column_container vc_col-sm-12\"><div class=\"vc_column-inner\"><div class=\"wpb_wrapper\"><div class=\"sep_shape\" style=\"background:#ffffff\"><svg class=\"up-tilt-left-seperator\" xmlns=\"http:\/\/www.w3.org\/2000\/svg\" version=\"1.1\" fill=\"#f5f5f5\" width=\"100%\" height=\"90\" viewbox=\"0 0 4 0.266661\" preserveaspectratio=\"none\"><polygon class=\"fil0\" points=\"4,0 4,0.266661 -0,0.266661 \"><\/polygon><\/svg><\/div><\/div><\/div><\/div><\/div><\/div><div  class=\"vc_row wpb_row vc_row-fluid vc_custom_1447152576654\"><div class=\"vc_container\"><div class=\"wpb_column vc_column_container vc_col-sm-12\"><div class=\"vc_column-inner\"><div class=\"wpb_wrapper\">\n\t<div class=\"wpb_text_column wpb_content_element\" >\n\t\t<div class=\"wpb_wrapper\">\n\t\t\t<h3 style=\"text-align: center;\">Unsere Arbeit<\/h3>\n\n\t\t<\/div>\n\t<\/div>\n\n\t<div class=\"wpb_text_column wpb_content_element\" >\n\t\t<div class=\"wpb_wrapper\">\n\t\t\t<h2 style=\"text-align: center;\">PFERDE IN DER W\u00dcSTE<\/h2>\n\n\t\t<\/div>\n\t<\/div>\n<\/div><\/div><\/div><\/div><\/div><div  class=\"vc_row wpb_row vc_row-fluid vc_custom_1415877943066\"><div class=\"vc_container\"><div class=\"wpb_column vc_column_container vc_col-sm-6\"><div class=\"vc_column-inner\"><div class=\"wpb_wrapper\">\n\t<div class=\"wpb_video_widget wpb_content_element vc_clearfix   vc_video-aspect-ratio-169 vc_video-el-width-100 vc_video-align-left\" >\n\t\t<div class=\"wpb_wrapper\">\n\t\t\t\n\t\t\t<div class=\"wpb_video_wrapper\"><div class=\"entry-content-asset\"><iframe loading=\"lazy\" title=\"Atacama Horse Adventure\" width=\"1170\" height=\"658\" src=\"https:\/\/www.youtube.com\/embed\/5PX_HyBBfLM?feature=oembed\" frameborder=\"0\" allow=\"accelerometer; autoplay; clipboard-write; encrypted-media; gyroscope; picture-in-picture\" allowfullscreen><\/iframe><\/div><\/div>\n\t\t<\/div>\n\t<\/div>\n<\/div><\/div><\/div><div class=\"wpb_column vc_column_container vc_col-sm-6\"><div class=\"vc_column-inner\"><div class=\"wpb_wrapper\">\n\t<div class=\"wpb_text_column wpb_content_element\" >\n\t\t<div class=\"wpb_wrapper\">\n\t\t\t<h4>ARBEITEN SIE ALS FREIWILLIGE<\/h4>\n<p>Wir bieten die M\u00f6glichkeit, f\u00fcr einen bestimmten Zeitraum bei uns zu arbeiten, unsere besondere Art der Arbeit mit den Pferden in dieser trockensten W\u00fcste der Welt kennenzulernen und kennenzulernen.<\/p>\n<ul>\n<li>Menschen mit guter Pferde- und Reiterfahrung.<\/li>\n<li>K\u00f6rperlicher Besitz, um solche Arbeiten zu erledigen.<\/li>\n<li>Kenntnisse mindestens in Englisch und Spanisch.<\/li>\n<li>F\u00fcr einen Mindestzeitraum von 4 Monaten.<\/li>\n<li>Die Bezahlung umfasst: Essen, Hosting und einige Trinkgelder.<\/li>\n<li>Es ist nur Platz f\u00fcr eine begrenzte Anzahl von Personen gleichzeitig.<\/li>\n<\/ul>\n<p>Senden Sie Ihre Informationen, um mit uns in Kontakt zu treten.<\/p>\n\n\t\t<\/div>\n\t<\/div>\n<\/div><\/div><\/div><\/div><\/div><div  class=\"vc_row wpb_row vc_row-fluid\"><div class=\"full_width\"><div class=\"wpb_column vc_column_container vc_col-sm-12\"><div class=\"vc_column-inner\"><div class=\"wpb_wrapper\"><div class=\"sep_shape\" style=\"background:#222222\"><svg class=\"up-large-triangle\" xmlns=\"http:\/\/www.w3.org\/2000\/svg\" version=\"1.1\" fill=\"#f5f5f5\" width=\"100%\" height=\"90\" viewbox=\"0 0 4.66666 0.333331\" preserveaspectratio=\"none\"><path class=\"fil0\" d=\"M-0 0.333331l4.66666 0 0 -3.93701e-006 -2.33333 0 -2.33333 0 0 3.93701e-006zm0 -0.333331l4.66666 0 0 0.166661 -4.66666 0 0 -0.166661zm4.66666 0.332618l0 -0.165953 -4.66666 0 0 0.165953 1.16162 -0.0826181 1.17171 -0.0833228 1.17171 0.0833228 1.16162 0.0826181z\"><\/path><\/svg><\/div><\/div><\/div><\/div><\/div><\/div><div  class=\"vc_row wpb_row vc_row-fluid vc_custom_1448459579333\"><div class=\"vc_container\"><div class=\"wpb_column vc_column_container vc_col-sm-12\"><div class=\"vc_column-inner\"><div class=\"wpb_wrapper\">\n\t<div class=\"wpb_text_column wpb_content_element\" >\n\t\t<div class=\"wpb_wrapper\">\n\t\t\t<h2 style=\"text-align: center;\"><span style=\"color: #ffffff;\">FOTOGALLERIE<\/span><\/h2>\n\n\t\t<\/div>\n\t<\/div>\n<\/div><\/div><\/div><\/div><\/div><div  class=\"vc_row wpb_row vc_row-fluid vc_custom_1448459601371\"><div class=\"vc_container\"><div class=\"wpb_column vc_column_container vc_col-sm-12\"><div class=\"vc_column-inner\"><div class=\"wpb_wrapper\">\n<div class=\"vc_grid-container-wrapper vc_clearfix vc_grid-animation-fadeIn\">\n\t<div class=\"vc_grid-container vc_clearfix wpb_content_element vc_media_grid\" data-initial-loading-animation=\"fadeIn\" data-vc-grid-settings=\"{&quot;page_id&quot;:336,&quot;style&quot;:&quot;all&quot;,&quot;action&quot;:&quot;vc_get_vc_grid_data&quot;,&quot;shortcode_id&quot;:&quot;1745946693930-362531e6-9f7c-9&quot;,&quot;tag&quot;:&quot;vc_media_grid&quot;}\" data-vc-request=\"https:\/\/atacamahorse.com\/wp-admin\/admin-ajax.php\" data-vc-post-id=\"336\" data-vc-public-nonce=\"e8e17a0c81\">\n\t\t\n\t<\/div>\n<\/div><\/div><\/div><\/div><\/div><\/div><div  class=\"vc_row wpb_row vc_row-fluid\"><div class=\"full_width\"><div class=\"wpb_column vc_column_container vc_col-sm-12\"><div class=\"vc_column-inner\"><div class=\"wpb_wrapper\"><div class=\"sep_shape\" style=\"background:#f5f5f5\"><svg class=\"up-svg-triangle\" xmlns=\"http:\/\/www.w3.org\/2000\/svg\" version=\"1.1\" fill=\"#222222\" width=\"100%\" height=\"30\" viewbox=\"0 0 0.156661 0.1\"><polygon points=\"0.156661,3.93701e-006 0.156661,0.000429134 0.117665,0.05 0.0783307,0.0999961 0.0389961,0.05 -0,0.000429134 -0,3.93701e-006 0.0783307,3.93701e-006 \"><\/polygon><\/svg><\/div><\/div><\/div><\/div><\/div><\/div><div  class=\"vc_row wpb_row vc_row-fluid vc_custom_1419510745496\"><div class=\"vc_container\"><div class=\"wpb_column vc_column_container vc_col-sm-12\"><div class=\"vc_column-inner\"><div class=\"wpb_wrapper\">\n\t<div class=\"wpb_text_column wpb_content_element\" >\n\t\t<div class=\"wpb_wrapper\">\n\t\t\t<h2 style=\"text-align: center;\">KONTAKTIERE UNS<\/h2>\n\n\t\t<\/div>\n\t<\/div>\n\n\t<div class=\"wpb_text_column wpb_content_element  vc_custom_1613737211661\" >\n\t\t<div class=\"wpb_wrapper\">\n\t\t\t<h3 style=\"text-align: center;\">Tocopilla 406 \/ San Pedro de Atacama<\/h3>\n<h3 style=\"text-align: center;\">+56 9 9084 5518<\/h3>\n\n\t\t<\/div>\n\t<\/div>\n\n<div class=\"wpcf7 no-js\" id=\"wpcf7-f586-o1\" lang=\"es-ES\" dir=\"ltr\" data-wpcf7-id=\"586\">\n<div class=\"screen-reader-response\"><p role=\"status\" aria-live=\"polite\" aria-atomic=\"true\"><\/p> <ul><\/ul><\/div>\n<form action=\"\/de\/wp-json\/wp\/v2\/pages\/336#wpcf7-f586-o1\" method=\"post\" class=\"wpcf7-form init\" aria-label=\"Formulario de contacto\" novalidate=\"novalidate\" data-status=\"init\" data-trp-original-action=\"\/de\/wp-json\/wp\/v2\/pages\/336#wpcf7-f586-o1\">\n<fieldset class=\"hidden-fields-container\"><input type=\"hidden\" name=\"_wpcf7\" value=\"586\" \/><input type=\"hidden\" name=\"_wpcf7_version\" value=\"6.1.5\" \/><input type=\"hidden\" name=\"_wpcf7_locale\" value=\"es_ES\" \/><input type=\"hidden\" name=\"_wpcf7_unit_tag\" value=\"wpcf7-f586-o1\" \/><input type=\"hidden\" name=\"_wpcf7_container_post\" value=\"0\" \/><input type=\"hidden\" name=\"_wpcf7_posted_data_hash\" value=\"\" \/><input type=\"hidden\" name=\"_wpcf7_recaptcha_response\" value=\"\" \/>\n<\/fieldset>\n<p><label> Name<br \/>\n<span class=\"wpcf7-form-control-wrap\" data-name=\"your-name\"><input size=\"40\" maxlength=\"400\" class=\"wpcf7-form-control wpcf7-text wpcf7-validates-as-required\" aria-required=\"true\" aria-invalid=\"false\" value=\"\" type=\"text\" name=\"your-name\" \/><\/span> <\/label>\n<\/p>\n<p><label> E-mail<br \/>\n<span class=\"wpcf7-form-control-wrap\" data-name=\"your-email\"><input size=\"40\" maxlength=\"400\" class=\"wpcf7-form-control wpcf7-email wpcf7-validates-as-required wpcf7-text wpcf7-validates-as-email\" aria-required=\"true\" aria-invalid=\"false\" value=\"\" type=\"email\" name=\"your-email\" \/><\/span> <\/label>\n<\/p>\n<p><label> Gegenstand<br \/>\n<span class=\"wpcf7-form-control-wrap\" data-name=\"your-subject\"><input size=\"40\" maxlength=\"400\" class=\"wpcf7-form-control wpcf7-text wpcf7-validates-as-required\" aria-required=\"true\" aria-invalid=\"false\" value=\"\" type=\"text\" name=\"your-subject\" \/><\/span> <\/label>\n<\/p>\n<p><label> Nachricht<br \/>\n<span class=\"wpcf7-form-control-wrap\" data-name=\"your-message\"><textarea cols=\"40\" rows=\"10\" maxlength=\"2000\" class=\"wpcf7-form-control wpcf7-textarea\" aria-invalid=\"false\" name=\"your-message\"><\/textarea><\/span> <\/label>\n<\/p>\n<p><button class=\"wpcf7-form-control wpcf7-submit\" type=\"submit\">Schicken<\/button>\n<\/p><p style=\"display: none !important;\" class=\"akismet-fields-container\" data-prefix=\"_wpcf7_ak_\"><label>&#916;<textarea name=\"_wpcf7_ak_hp_textarea\" cols=\"45\" rows=\"8\" maxlength=\"100\"><\/textarea><\/label><input type=\"hidden\" id=\"ak_js_1\" name=\"_wpcf7_ak_js\" value=\"16\"\/><script>document.getElementById( \"ak_js_1\" ).setAttribute( \"value\", ( new Date() ).getTime() );<\/script><\/p><div class=\"wpcf7-response-output\" aria-hidden=\"true\"><\/div>\n<input type=\"hidden\" name=\"trp-form-language\" value=\"de\"\/><\/form>\n<\/div>\n<\/div><\/div><\/div><\/div><\/div><div  class=\"vc_row wpb_row vc_row-fluid\"><div class=\"full_width\"><div class=\"wpb_column vc_column_container vc_col-sm-12\"><div class=\"vc_column-inner\"><div class=\"wpb_wrapper\"><div class=\"sep_shape\" style=\"background:#000000\"><svg class=\"up-large-triangle\" xmlns=\"http:\/\/www.w3.org\/2000\/svg\" version=\"1.1\" fill=\"#f5f5f5\" width=\"100%\" height=\"90\" viewbox=\"0 0 4.66666 0.333331\" preserveaspectratio=\"none\"><path class=\"fil0\" d=\"M-0 0.333331l4.66666 0 0 -3.93701e-006 -2.33333 0 -2.33333 0 0 3.93701e-006zm0 -0.333331l4.66666 0 0 0.166661 -4.66666 0 0 -0.166661zm4.66666 0.332618l0 -0.165953 -4.66666 0 0 0.165953 1.16162 -0.0826181 1.17171 -0.0833228 1.17171 0.0833228 1.16162 0.0826181z\"><\/path><\/svg><\/div><\/div><\/div><\/div><\/div><\/div>","protected":false},"excerpt":{"rendered":"Meet Our TEAM LEADERS Juan Mostajo Owner Juan, native of the Atacama Desert, breeds his own horses and over the years has developed his own personal routes. He has a very deep knowledge and loving relationship with the desert, he knows all its stories. Juan is as mystical and as full of surprises and secret as the desert itself. Working with Us AHA We offer you the opportunity to learn how to work with horses on our ranch. The driest desert in the world, it has many peculiarities and surprises that are worth experiencing. Our Work HORSES IN THE DESERT &hellip; <a href=\"https:\/\/atacamahorse.com\/de\/work-with-us\/\">Continued<\/a>","protected":false},"author":2,"featured_media":0,"parent":0,"menu_order":0,"comment_status":"closed","ping_status":"closed","template":"page-fullwidth.php","meta":{"footnotes":""},"class_list":["post-336","page","type-page","status-publish","hentry"],"amp_enabled":false,"_links":{"self":[{"href":"https:\/\/atacamahorse.com\/de\/wp-json\/wp\/v2\/pages\/336","targetHints":{"allow":["GET"]}}],"collection":[{"href":"https:\/\/atacamahorse.com\/de\/wp-json\/wp\/v2\/pages"}],"about":[{"href":"https:\/\/atacamahorse.com\/de\/wp-json\/wp\/v2\/types\/page"}],"author":[{"embeddable":true,"href":"https:\/\/atacamahorse.com\/de\/wp-json\/wp\/v2\/users\/2"}],"replies":[{"embeddable":true,"href":"https:\/\/atacamahorse.com\/de\/wp-json\/wp\/v2\/comments?post=336"}],"version-history":[{"count":6,"href":"https:\/\/atacamahorse.com\/de\/wp-json\/wp\/v2\/pages\/336\/revisions"}],"predecessor-version":[{"id":1293,"href":"https:\/\/atacamahorse.com\/de\/wp-json\/wp\/v2\/pages\/336\/revisions\/1293"}],"wp:attachment":[{"href":"https:\/\/atacamahorse.com\/de\/wp-json\/wp\/v2\/media?parent=336"}],"curies":[{"name":"wp","href":"https:\/\/api.w.org\/{rel}","templated":true}]}}