{"id":922,"date":"2021-07-18T21:52:07","date_gmt":"2021-07-19T01:52:07","guid":{"rendered":"https:\/\/atacamahorse.com\/?post_type=product&#038;p=922"},"modified":"2021-08-03T12:33:22","modified_gmt":"2021-08-03T16:33:22","slug":"ttulti","status":"publish","type":"product","link":"https:\/\/atacamahorse.com\/de\/producto\/ttulti\/","title":{"rendered":"Ttulti"},"content":{"rendered":"<h3 id=\"tw-target-text\" class=\"tw-data-text tw-text-large XcVN5d tw-ta\" data-placeholder=\"Traducci\u00f3n\"><strong><span class=\"hp-section-header__subtitle\">Night in Family room+ breakfast included<\/span><\/strong><\/h3>\n<div class=\"containh2\">\n<h3 class=\"hp-section-header--with-cta clearfix\"><span class=\"hp-section-header__subtitle\">Hausregeln<\/span><\/h3>\n<h3 class=\"hp-section-header--with-cta clearfix\"><span class=\"hp-section-header__subtitle\">Lodge Atacama Horse nimmt besondere Anfragen an\u00a0<\/span><\/h3>\n<p>______________________<\/p>\n<h4 class=\"bui-f-font-heading bui-spacer--large\">Kinder &amp; Betten<\/h4>\n<\/div>\n<div id=\"hotelPoliciesInc\" class=\"descriptionsContainer clearfix hp-section hp-policies-block\">\n<div id=\"smp_children_policy\" class=\"description description_smp-children-policy\" data-et-view=\"INQHUNRAZUffECIAEKKUHAbINOffNcUUZabSXT:2 \">\n<div class=\"child-policies-table-wrapper\">\n<div class=\"c-child-policies bui-f-font-body\">\n<div class=\"c-child-policies__general bui-spacer--large\">\n<ul>\n<li class=\"bui-f-font-heading bui-spacer--large\">Kinderrichtlinien<\/li>\n<li>Kinder jeden Alters sind willkommen.<\/li>\n<li>Kinder ab 18 Jahren gelten in dieser Unterkunft als Erwachsene.<\/li>\n<li class=\"child-policies-table__info\">Um die korrekten Preise und Belegungsinformationen anzuzeigen, f\u00fcgen Sie Ihrer Suche die Anzahl und das Alter der Kinder in Ihrer Gruppe hinzu.<\/li>\n<\/ul>\n<\/div>\n<h4 class=\"bui-f-font-heading bui-spacer--large\">Richtlinien f\u00fcr Kinderbetten und Zustellbetten<\/h4>\n<div class=\"c-child-policies__table\">\n<div class=\"c-child-policies__group js-child-policies-block\" data-max-age=\"3\">\n<header class=\"c-child-policies__group-header js-child-policies-show\" data-no-toggle=\"\"><strong>0 \u2013 3 Jahre<\/strong><\/header>\n<table class=\"c-child-policies__group-content\" style=\"height: 37px;\" width=\"214\" data-group-id=\"1\">\n<tbody>\n<tr>\n<td>\n<div class=\"c-child-policies__icons\">\n<div>\u00a0Zustellbett auf Anfrage<\/div>\n<\/div>\n<\/td>\n<td><span class=\"c-child-policies__free\">Frei<\/span><\/td>\n<\/tr>\n<\/tbody>\n<\/table>\n<\/div>\n<div class=\"c-child-policies__group js-child-policies-block\" data-max-age=\"255\">\n<header class=\"c-child-policies__group-header js-child-policies-show\" data-no-toggle=\"\"><strong>4+ Jahre<\/strong><\/header>\n<table class=\"c-child-policies__group-content\" style=\"height: 31px;\" width=\"543\" data-group-id=\"2\">\n<tbody>\n<tr>\n<td>\n<div class=\"c-child-policies__icons\">\n<div>\u00a0Zustellbett auf Anfrage<\/div>\n<\/div>\n<\/td>\n<td><strong>30 US-Dollar pro Person und Nacht<\/strong><\/td>\n<\/tr>\n<\/tbody>\n<\/table>\n<\/div>\n<\/div>\n<div class=\"c-child-policies__supplements\">\n<ul>\n<li>Zus\u00e4tzliche Geb\u00fchren sind nicht automatisch in den Gesamtkosten enthalten und m\u00fcssen w\u00e4hrend Ihres Aufenthalts separat bezahlt werden.<\/li>\n<li>In dieser Unterkunft sind keine Kinderbetten verf\u00fcgbar.<\/li>\n<li>Die maximal zul\u00e4ssige Anzahl an Zustellbetten h\u00e4ngt von dem von Ihnen gew\u00e4hlten Zimmer ab. \u00dcberpr\u00fcfen Sie die maximale Kapazit\u00e4t f\u00fcr das von Ihnen ausgew\u00e4hlte Zimmer.<\/li>\n<li>Alle Kinder- und Zustellbetten unterliegen der Verf\u00fcgbarkeit.<\/li>\n<\/ul>\n<\/div>\n<\/div>\n<\/div>\n<\/div>\n<div id=\"age_restriction_policy\" class=\"description\">\n<h3 class=\"policy_name\"><i class=\"bicon-occupancy\"><\/i>No age restriction<\/h3>\n<ul>\n<li>There&#8217;s no age requirement for check-in<\/li>\n<\/ul>\n<\/div>\n<div class=\"description description--house-rule\">\n<h3 class=\"policy_name\"><i class=\"bicon-petfriendly\"><\/i>Pets<\/h3>\n<ul>\n<li>Pets are not allowed.<\/li>\n<\/ul>\n<\/div>\n<\/div>","protected":false},"excerpt":{"rendered":"<p>Night in Family room+ breakfast included House Rules Lodge Atacama Horse takes special requests\u00a0 ______________________ Children &amp; Beds Child policies Children of all ages are welcome. Children 18 and above are considered adults at this property. To see correct prices and occupancy info, add the number and ages of children in your group to your search. Crib and extra bed policies 0 &#8211; 3 years \u00a0Extra bed by request Free 4+ years \u00a0Extra bed by request US$30 per person, per night Additional fees are not calculated automatically in the total cost and will have to be paid for separately during &hellip; <a href=\"https:\/\/atacamahorse.com\/de\/producto\/ttulti\/\">Continued<\/a><\/p>","protected":false},"featured_media":800,"comment_status":"open","ping_status":"closed","template":"","meta":[],"product_brand":[],"product_cat":[98,100],"product_tag":[],"class_list":{"0":"post-922","1":"product","2":"type-product","3":"status-publish","4":"has-post-thumbnail","6":"product_cat-familiar","7":"product_cat-habitaciones","8":"up-gallery-woo","10":"first","11":"instock","12":"sold-individually","13":"taxable","14":"shipping-taxable","15":"purchasable","16":"product-type-booking"},"amp_enabled":true,"_links":{"self":[{"href":"https:\/\/atacamahorse.com\/de\/wp-json\/wp\/v2\/product\/922","targetHints":{"allow":["GET"]}}],"collection":[{"href":"https:\/\/atacamahorse.com\/de\/wp-json\/wp\/v2\/product"}],"about":[{"href":"https:\/\/atacamahorse.com\/de\/wp-json\/wp\/v2\/types\/product"}],"replies":[{"embeddable":true,"href":"https:\/\/atacamahorse.com\/de\/wp-json\/wp\/v2\/comments?post=922"}],"wp:featuredmedia":[{"embeddable":true,"href":"https:\/\/atacamahorse.com\/de\/wp-json\/wp\/v2\/media\/800"}],"wp:attachment":[{"href":"https:\/\/atacamahorse.com\/de\/wp-json\/wp\/v2\/media?parent=922"}],"wp:term":[{"taxonomy":"product_brand","embeddable":true,"href":"https:\/\/atacamahorse.com\/de\/wp-json\/wp\/v2\/product_brand?post=922"},{"taxonomy":"product_cat","embeddable":true,"href":"https:\/\/atacamahorse.com\/de\/wp-json\/wp\/v2\/product_cat?post=922"},{"taxonomy":"product_tag","embeddable":true,"href":"https:\/\/atacamahorse.com\/de\/wp-json\/wp\/v2\/product_tag?post=922"}],"curies":[{"name":"wp","href":"https:\/\/api.w.org\/{rel}","templated":true}]}}