{"id":922,"date":"2021-07-18T21:52:07","date_gmt":"2021-07-19T01:52:07","guid":{"rendered":"https:\/\/atacamahorse.com\/?post_type=product&#038;p=922"},"modified":"2021-08-03T12:33:22","modified_gmt":"2021-08-03T16:33:22","slug":"ttulti","status":"publish","type":"product","link":"https:\/\/atacamahorse.com\/es\/producto\/ttulti\/","title":{"rendered":"Ttulti"},"content":{"rendered":"<h3 id=\"tw-target-text\" class=\"tw-data-text tw-text-large XcVN5d tw-ta\" data-placeholder=\"Traducci\u00f3n\"><strong><span class=\"hp-section-header__subtitle\">Night in Family room+ breakfast included<\/span><\/strong><\/h3>\n<div class=\"containh2\">\n<h3 class=\"hp-section-header--with-cta clearfix\"><span class=\"hp-section-header__subtitle\">Reglas de casa<\/span><\/h3>\n<h3 class=\"hp-section-header--with-cta clearfix\"><span class=\"hp-section-header__subtitle\">Lodge Atacama Horse acepta solicitudes especiales\u00a0<\/span><\/h3>\n<p>______________________<\/p>\n<h4 class=\"bui-f-font-heading bui-spacer--large\">Ni\u00f1os y camas<\/h4>\n<\/div>\n<div id=\"hotelPoliciesInc\" class=\"descriptionsContainer clearfix hp-section hp-policies-block\">\n<div id=\"smp_children_policy\" class=\"description description_smp-children-policy\" data-et-view=\"INQHUNRAZUffECIAEKKUHAbINOffNcUUZabSXT:2 \">\n<div class=\"child-policies-table-wrapper\">\n<div class=\"c-child-policies bui-f-font-body\">\n<div class=\"c-child-policies__general bui-spacer--large\">\n<ul>\n<li class=\"bui-f-font-heading bui-spacer--large\">Pol\u00edticas para ni\u00f1os<\/li>\n<li>Los ni\u00f1os de todas las edades son bienvenidos.<\/li>\n<li>Los ni\u00f1os mayores de 18 a\u00f1os se consideran adultos en esta propiedad.<\/li>\n<li class=\"child-policies-table__info\">Para ver los precios correctos y la informaci\u00f3n de ocupaci\u00f3n, agregue el n\u00famero y las edades de los ni\u00f1os en su grupo a su b\u00fasqueda.<\/li>\n<\/ul>\n<\/div>\n<h4 class=\"bui-f-font-heading bui-spacer--large\">Pol\u00edticas de cunas y camas supletorias<\/h4>\n<div class=\"c-child-policies__table\">\n<div class=\"c-child-policies__group js-child-policies-block\" data-max-age=\"3\">\n<header class=\"c-child-policies__group-header js-child-policies-show\" data-no-toggle=\"\"><strong>0 \u2013 3 a\u00f1os<\/strong><\/header>\n<table class=\"c-child-policies__group-content\" style=\"height: 37px;\" width=\"214\" data-group-id=\"1\">\n<tbody>\n<tr>\n<td>\n<div class=\"c-child-policies__icons\">\n<div>\u00a0Cama supletoria bajo petici\u00f3n<\/div>\n<\/div>\n<\/td>\n<td><span class=\"c-child-policies__free\">Gratis<\/span><\/td>\n<\/tr>\n<\/tbody>\n<\/table>\n<\/div>\n<div class=\"c-child-policies__group js-child-policies-block\" data-max-age=\"255\">\n<header class=\"c-child-policies__group-header js-child-policies-show\" data-no-toggle=\"\"><strong>4+ a\u00f1os<\/strong><\/header>\n<table class=\"c-child-policies__group-content\" style=\"height: 31px;\" width=\"543\" data-group-id=\"2\">\n<tbody>\n<tr>\n<td>\n<div class=\"c-child-policies__icons\">\n<div>\u00a0Cama supletoria bajo petici\u00f3n<\/div>\n<\/div>\n<\/td>\n<td><strong>US$30 por persona, por noche<\/strong><\/td>\n<\/tr>\n<\/tbody>\n<\/table>\n<\/div>\n<\/div>\n<div class=\"c-child-policies__supplements\">\n<ul>\n<li>Las tarifas adicionales no se calculan autom\u00e1ticamente en el costo total y deber\u00e1n pagarse por separado durante su estad\u00eda.<\/li>\n<li>No hay capacidad para cunas en esta propiedad.<\/li>\n<li>El n\u00famero m\u00e1ximo de camas supletorias permitidas depende de la habitaci\u00f3n que elijas. Comprueba dos veces la capacidad m\u00e1xima de la habitaci\u00f3n que has seleccionado.<\/li>\n<li>Todas las cunas y camas supletorias est\u00e1n sujetas a disponibilidad.<\/li>\n<\/ul>\n<\/div>\n<\/div>\n<\/div>\n<\/div>\n<div id=\"age_restriction_policy\" class=\"description\">\n<h3 class=\"policy_name\"><i class=\"bicon-occupancy\"><\/i>No age restriction<\/h3>\n<ul>\n<li>There&#8217;s no age requirement for check-in<\/li>\n<\/ul>\n<\/div>\n<div class=\"description description--house-rule\">\n<h3 class=\"policy_name\"><i class=\"bicon-petfriendly\"><\/i>Pets<\/h3>\n<ul>\n<li>Pets are not allowed.<\/li>\n<\/ul>\n<\/div>\n<\/div>","protected":false},"excerpt":{"rendered":"<p>Night in Family room+ breakfast included House Rules Lodge Atacama Horse takes special requests\u00a0 ______________________ Children &amp; Beds Child policies Children of all ages are welcome. Children 18 and above are considered adults at this property. To see correct prices and occupancy info, add the number and ages of children in your group to your search. Crib and extra bed policies 0 &#8211; 3 years \u00a0Extra bed by request Free 4+ years \u00a0Extra bed by request US$30 per person, per night Additional fees are not calculated automatically in the total cost and will have to be paid for separately during &hellip; <a href=\"https:\/\/atacamahorse.com\/es\/producto\/ttulti\/\">Continued<\/a><\/p>","protected":false},"featured_media":800,"comment_status":"open","ping_status":"closed","template":"","meta":[],"product_brand":[],"product_cat":[98,100],"product_tag":[],"class_list":{"0":"post-922","1":"product","2":"type-product","3":"status-publish","4":"has-post-thumbnail","6":"product_cat-familiar","7":"product_cat-habitaciones","8":"up-gallery-woo","10":"first","11":"instock","12":"sold-individually","13":"taxable","14":"shipping-taxable","15":"purchasable","16":"product-type-booking"},"amp_enabled":true,"_links":{"self":[{"href":"https:\/\/atacamahorse.com\/es\/wp-json\/wp\/v2\/product\/922","targetHints":{"allow":["GET"]}}],"collection":[{"href":"https:\/\/atacamahorse.com\/es\/wp-json\/wp\/v2\/product"}],"about":[{"href":"https:\/\/atacamahorse.com\/es\/wp-json\/wp\/v2\/types\/product"}],"replies":[{"embeddable":true,"href":"https:\/\/atacamahorse.com\/es\/wp-json\/wp\/v2\/comments?post=922"}],"wp:featuredmedia":[{"embeddable":true,"href":"https:\/\/atacamahorse.com\/es\/wp-json\/wp\/v2\/media\/800"}],"wp:attachment":[{"href":"https:\/\/atacamahorse.com\/es\/wp-json\/wp\/v2\/media?parent=922"}],"wp:term":[{"taxonomy":"product_brand","embeddable":true,"href":"https:\/\/atacamahorse.com\/es\/wp-json\/wp\/v2\/product_brand?post=922"},{"taxonomy":"product_cat","embeddable":true,"href":"https:\/\/atacamahorse.com\/es\/wp-json\/wp\/v2\/product_cat?post=922"},{"taxonomy":"product_tag","embeddable":true,"href":"https:\/\/atacamahorse.com\/es\/wp-json\/wp\/v2\/product_tag?post=922"}],"curies":[{"name":"wp","href":"https:\/\/api.w.org\/{rel}","templated":true}]}}