{"id":922,"date":"2021-07-18T21:52:07","date_gmt":"2021-07-19T01:52:07","guid":{"rendered":"https:\/\/atacamahorse.com\/?post_type=product&#038;p=922"},"modified":"2021-08-03T12:33:22","modified_gmt":"2021-08-03T16:33:22","slug":"ttulti","status":"publish","type":"product","link":"https:\/\/atacamahorse.com\/fr\/producto\/ttulti\/","title":{"rendered":"Ttulti"},"content":{"rendered":"<h3 id=\"tw-target-text\" class=\"tw-data-text tw-text-large XcVN5d tw-ta\" data-placeholder=\"Traducci\u00f3n\"><strong><span class=\"hp-section-header__subtitle\">Night in Family room+ breakfast included<\/span><\/strong><\/h3>\n<div class=\"containh2\">\n<h3 class=\"hp-section-header--with-cta clearfix\"><span class=\"hp-section-header__subtitle\">r\u00e8gles de la maison<\/span><\/h3>\n<h3 class=\"hp-section-header--with-cta clearfix\"><span class=\"hp-section-header__subtitle\">Lodge Atacama Horse accepte les demandes sp\u00e9ciales\u00a0<\/span><\/h3>\n<p>______________________<\/p>\n<h4 class=\"bui-f-font-heading bui-spacer--large\">Enfants &amp; Lits<\/h4>\n<\/div>\n<div id=\"hotelPoliciesInc\" class=\"descriptionsContainer clearfix hp-section hp-policies-block\">\n<div id=\"smp_children_policy\" class=\"description description_smp-children-policy\" data-et-view=\"INQHUNRAZUffECIAEKKUHAbINOffNcUUZabSXT:2 \">\n<div class=\"child-policies-table-wrapper\">\n<div class=\"c-child-policies bui-f-font-body\">\n<div class=\"c-child-policies__general bui-spacer--large\">\n<ul>\n<li class=\"bui-f-font-heading bui-spacer--large\">Politiques relatives aux enfants<\/li>\n<li>Les enfants de tous \u00e2ges sont les bienvenus.<\/li>\n<li>Les enfants de 18 ans et plus sont consid\u00e9r\u00e9s comme des adultes dans cet \u00e9tablissement.<\/li>\n<li class=\"child-policies-table__info\">Pour voir les prix corrects et les informations d'occupation, ajoutez le nombre et l'\u00e2ge des enfants de votre groupe \u00e0 votre recherche.<\/li>\n<\/ul>\n<\/div>\n<h4 class=\"bui-f-font-heading bui-spacer--large\">Politiques relatives aux berceaux et aux lits suppl\u00e9mentaires<\/h4>\n<div class=\"c-child-policies__table\">\n<div class=\"c-child-policies__group js-child-policies-block\" data-max-age=\"3\">\n<header class=\"c-child-policies__group-header js-child-policies-show\" data-no-toggle=\"\"><strong>0 \u2013 3 ans<\/strong><\/header>\n<table class=\"c-child-policies__group-content\" style=\"height: 37px;\" width=\"214\" data-group-id=\"1\">\n<tbody>\n<tr>\n<td>\n<div class=\"c-child-policies__icons\">\n<div>\u00a0Lit suppl\u00e9mentaire sur demande<\/div>\n<\/div>\n<\/td>\n<td><span class=\"c-child-policies__free\">Libre<\/span><\/td>\n<\/tr>\n<\/tbody>\n<\/table>\n<\/div>\n<div class=\"c-child-policies__group js-child-policies-block\" data-max-age=\"255\">\n<header class=\"c-child-policies__group-header js-child-policies-show\" data-no-toggle=\"\"><strong>4+ ans<\/strong><\/header>\n<table class=\"c-child-policies__group-content\" style=\"height: 31px;\" width=\"543\" data-group-id=\"2\">\n<tbody>\n<tr>\n<td>\n<div class=\"c-child-policies__icons\">\n<div>\u00a0Lit suppl\u00e9mentaire sur demande<\/div>\n<\/div>\n<\/td>\n<td><strong>30\u00a0USD par personne et par nuit<\/strong><\/td>\n<\/tr>\n<\/tbody>\n<\/table>\n<\/div>\n<\/div>\n<div class=\"c-child-policies__supplements\">\n<ul>\n<li>Les frais suppl\u00e9mentaires ne sont pas automatiquement calcul\u00e9s dans le co\u00fbt total et devront \u00eatre r\u00e9gl\u00e9s s\u00e9par\u00e9ment lors de votre s\u00e9jour.<\/li>\n<li>Il n'y a pas de capacit\u00e9 pour les berceaux dans cet \u00e9tablissement.<\/li>\n<li>Le nombre maximum de lits suppl\u00e9mentaires autoris\u00e9s d\u00e9pend de la chambre que vous choisissez. V\u00e9rifiez la capacit\u00e9 maximale de la salle que vous avez s\u00e9lectionn\u00e9e.<\/li>\n<li>Tous les lits b\u00e9b\u00e9 et lits d'appoint sont soumis \u00e0 disponibilit\u00e9.<\/li>\n<\/ul>\n<\/div>\n<\/div>\n<\/div>\n<\/div>\n<div id=\"age_restriction_policy\" class=\"description\">\n<h3 class=\"policy_name\"><i class=\"bicon-occupancy\"><\/i>No age restriction<\/h3>\n<ul>\n<li>There&#8217;s no age requirement for check-in<\/li>\n<\/ul>\n<\/div>\n<div class=\"description description--house-rule\">\n<h3 class=\"policy_name\"><i class=\"bicon-petfriendly\"><\/i>Pets<\/h3>\n<ul>\n<li>Pets are not allowed.<\/li>\n<\/ul>\n<\/div>\n<\/div>","protected":false},"excerpt":{"rendered":"<p>Night in Family room+ breakfast included House Rules Lodge Atacama Horse takes special requests\u00a0 ______________________ Children &amp; Beds Child policies Children of all ages are welcome. Children 18 and above are considered adults at this property. To see correct prices and occupancy info, add the number and ages of children in your group to your search. Crib and extra bed policies 0 &#8211; 3 years \u00a0Extra bed by request Free 4+ years \u00a0Extra bed by request US$30 per person, per night Additional fees are not calculated automatically in the total cost and will have to be paid for separately during &hellip; <a href=\"https:\/\/atacamahorse.com\/fr\/producto\/ttulti\/\">Continued<\/a><\/p>","protected":false},"featured_media":800,"comment_status":"open","ping_status":"closed","template":"","meta":[],"product_brand":[],"product_cat":[98,100],"product_tag":[],"class_list":{"0":"post-922","1":"product","2":"type-product","3":"status-publish","4":"has-post-thumbnail","6":"product_cat-familiar","7":"product_cat-habitaciones","8":"up-gallery-woo","10":"first","11":"instock","12":"sold-individually","13":"taxable","14":"shipping-taxable","15":"purchasable","16":"product-type-booking"},"amp_enabled":true,"_links":{"self":[{"href":"https:\/\/atacamahorse.com\/fr\/wp-json\/wp\/v2\/product\/922","targetHints":{"allow":["GET"]}}],"collection":[{"href":"https:\/\/atacamahorse.com\/fr\/wp-json\/wp\/v2\/product"}],"about":[{"href":"https:\/\/atacamahorse.com\/fr\/wp-json\/wp\/v2\/types\/product"}],"replies":[{"embeddable":true,"href":"https:\/\/atacamahorse.com\/fr\/wp-json\/wp\/v2\/comments?post=922"}],"wp:featuredmedia":[{"embeddable":true,"href":"https:\/\/atacamahorse.com\/fr\/wp-json\/wp\/v2\/media\/800"}],"wp:attachment":[{"href":"https:\/\/atacamahorse.com\/fr\/wp-json\/wp\/v2\/media?parent=922"}],"wp:term":[{"taxonomy":"product_brand","embeddable":true,"href":"https:\/\/atacamahorse.com\/fr\/wp-json\/wp\/v2\/product_brand?post=922"},{"taxonomy":"product_cat","embeddable":true,"href":"https:\/\/atacamahorse.com\/fr\/wp-json\/wp\/v2\/product_cat?post=922"},{"taxonomy":"product_tag","embeddable":true,"href":"https:\/\/atacamahorse.com\/fr\/wp-json\/wp\/v2\/product_tag?post=922"}],"curies":[{"name":"wp","href":"https:\/\/api.w.org\/{rel}","templated":true}]}}